{"id":6409,"date":"2021-11-27T17:00:29","date_gmt":"2021-11-27T20:00:29","guid":{"rendered":"https:\/\/www.aestrada.com.br\/v1\/?page_id=6409"},"modified":"2021-11-27T17:09:50","modified_gmt":"2021-11-27T20:09:50","slug":"artesanato","status":"publish","type":"page","link":"https:\/\/www.aestrada.com.br\/v1\/artesanato\/","title":{"rendered":"O Artesanato de Vandilza"},"content":{"rendered":"<p><img src=\"https:\/\/i.imgur.com\/gOiUUGi.jpg\" \/><\/p>\n<p>ARTETAPE\u00c7ARIA<\/p>\n<p><strong>Sou Vandilza Silva Gon\u00e7alves. Tudo come\u00e7ou quando trabalhava no PETI (Programa de Erradica\u00e7\u00e3o do Trabalho Infantil). Aprendi a trabalhar com filtro de caf\u00e9 confeccionando potes para balas e garrafas de enfeites. Em seguida, decorei paredes usando a t\u00e9cnica do \u201cBorra de Caf\u00e9\u201d, nome dado para esse artesanato.<\/strong><\/p>\n<p>A partir de 2019, passei a trabalhar com barbante, na \u00e1rea do croch\u00ea. Atualmente, confecciono v\u00e1rios tapetes em diversos tamanhos e em variadas cores, para utilidade dom\u00e9stica e comercial.<\/p>\n<p><img src=\"https:\/\/i.imgur.com\/ka9FsOH.jpg\" \/><\/p>\n<p>Al\u00e9m de tapetes, fa\u00e7o jogos americanos, que est\u00e3o tendo muita aceita\u00e7\u00e3o do p\u00fablico.<\/p>\n<p>O artesanato \u00e9 uma terapia, e no momento minha \u00fanica fonte de renda.<\/p>\n<p>Atualmente recebo encomendas de v\u00e1rios lugares, especialmente de Vit\u00f3ria da Conquista.<\/p>\n<p>Os interessados por qualquer pe\u00e7a citada ou obra atrav\u00e9s da \u201cBorra do Caf\u00e9\u201d podem entrar em contato atrav\u00e9s do Zap (77) 9 9121 7795. Terei o maior prazer em deixar sua casa mais bonita e decorada.<\/p>\n<p><img src=\"https:\/\/i.imgur.com\/dCkOf9w.jpg\" \/><\/p>\n<p><img src=\"https:\/\/i.imgur.com\/ear4dIB.jpg\" \/><\/p>\n<p><img src=\"https:\/\/i.imgur.com\/WTTbv5L.jpg\" \/><\/p>\n<p><img src=\"https:\/\/i.imgur.com\/9xubT2e.jpg\" \/><\/p>\n<p><img src=\"https:\/\/i.imgur.com\/0ODslsB.jpg\" \/><\/p>\n<p><img src=\"https:\/\/i.imgur.com\/N6NAlwz.jpg\" \/><\/p>\n<p><img src=\"https:\/\/i.imgur.com\/OHTnlzG.jpg\" \/><\/p>\n<p><img src=\"https:\/\/i.imgur.com\/svCmxDY.jpg\" \/><\/p>\n<p><img src=\"https:\/\/i.imgur.com\/Di3tOYX.jpg\" \/><\/p>\n<p><img src=\"https:\/\/i.imgur.com\/aTNQEJs.jpg\" \/><\/p>\n<p><img src=\"https:\/\/i.imgur.com\/IvJF4be.jpg\" \/><\/p>\n<p><img src=\"https:\/\/i.imgur.com\/FR3jJeZ.jpg\" \/><\/p>\n<p><img src=\"https:\/\/i.imgur.com\/d74c5uz.jpg\" \/><\/p>\n","protected":false},"excerpt":{"rendered":"<p>ARTETAPE\u00c7ARIA Sou Vandilza Silva Gon\u00e7alves. Tudo come\u00e7ou quando trabalhava no PETI (Programa de Erradica\u00e7\u00e3o do Trabalho Infantil). Aprendi a trabalhar com filtro de caf\u00e9 confeccionando potes para balas e garrafas de enfeites. Em seguida, decorei paredes usando a t\u00e9cnica do \u201cBorra de Caf\u00e9\u201d, nome dado para esse artesanato. A partir de 2019, passei a trabalhar [&hellip;]<\/p>\n","protected":false},"author":1,"featured_media":0,"parent":0,"menu_order":0,"comment_status":"closed","ping_status":"closed","template":"","meta":{"_links_to":"","_links_to_target":""},"_links":{"self":[{"href":"https:\/\/www.aestrada.com.br\/v1\/wp-json\/wp\/v2\/pages\/6409"}],"collection":[{"href":"https:\/\/www.aestrada.com.br\/v1\/wp-json\/wp\/v2\/pages"}],"about":[{"href":"https:\/\/www.aestrada.com.br\/v1\/wp-json\/wp\/v2\/types\/page"}],"author":[{"embeddable":true,"href":"https:\/\/www.aestrada.com.br\/v1\/wp-json\/wp\/v2\/users\/1"}],"replies":[{"embeddable":true,"href":"https:\/\/www.aestrada.com.br\/v1\/wp-json\/wp\/v2\/comments?post=6409"}],"version-history":[{"count":3,"href":"https:\/\/www.aestrada.com.br\/v1\/wp-json\/wp\/v2\/pages\/6409\/revisions"}],"predecessor-version":[{"id":6412,"href":"https:\/\/www.aestrada.com.br\/v1\/wp-json\/wp\/v2\/pages\/6409\/revisions\/6412"}],"wp:attachment":[{"href":"https:\/\/www.aestrada.com.br\/v1\/wp-json\/wp\/v2\/media?parent=6409"}],"curies":[{"name":"wp","href":"https:\/\/api.w.org\/{rel}","templated":true}]}}