{"id":2088,"date":"2017-04-01T11:47:19","date_gmt":"2017-04-01T14:47:19","guid":{"rendered":"http:\/\/www.aestrada.com.br\/v1\/?page_id=2088"},"modified":"2021-11-27T16:32:51","modified_gmt":"2021-11-27T19:32:51","slug":"livros","status":"publish","type":"page","link":"https:\/\/www.aestrada.com.br\/v1\/livros\/","title":{"rendered":"Livros"},"content":{"rendered":"<p><img loading=\"lazy\" class=\"alignnone size-full wp-image-2095\" src=\"https:\/\/www.aestrada.com.br\/v1\/wp-content\/uploads\/2017\/04\/conquista-cassada-livro-capa.jpg\" alt=\"\" width=\"436\" height=\"654\" srcset=\"https:\/\/www.aestrada.com.br\/v1\/wp-content\/uploads\/2017\/04\/conquista-cassada-livro-capa.jpg 436w, https:\/\/www.aestrada.com.br\/v1\/wp-content\/uploads\/2017\/04\/conquista-cassada-livro-capa-200x300.jpg 200w\" sizes=\"(max-width: 436px) 100vw, 436px\" \/><\/p>\n<h3><strong>UMA CONQUISTA CASSADA<\/strong><\/h3>\n<p>Cerco e Fuzil na Cidade do Frio \u2013 fala da ditadura civil-militar (1964-1985) em Vit\u00f3ria da Conquista dentro do contexto nacional do que foi o regime na Bahia e no Brasil com todas suas cenas de pris\u00f5es, torturas, horrores, mortes e desaparecidos pol\u00edticos, v\u00edtimas da brutalidade de uma \u00e9poca que n\u00e3o pode mais acontecer em nosso pa\u00eds, como relata o livro: \u201cBrasil Nunca Mais\u201d. A obra de 460 p\u00e1ginas, com fotos e ilustra\u00e7\u00f5es, lan\u00e7ada h\u00e1 dois anos pela editora da Assembleia Legislativa da Bahia, foi pesquisada e escrita pelo jornalista Jeremias Mac\u00e1rio (Terra Rasgada, A Imprensa e o Coronelismo no Sert\u00e3o do Sudoeste e Andan\u00e7as) pode ser agora adquirida via Correios mediante pagamento banc\u00e1rio. \u00c9 encontrada tamb\u00e9m nas livrarias Nobel e principais bancas de revistas da cidade de Vit\u00f3ria da Conquista- Bahia. O trabalho \u00e9 de fundamental import\u00e2ncia hist\u00f3rica para jovens estudantes, professores, interessados e estudiosos do assunto, para que tomem consci\u00eancia dos fatos que ocorreram no per\u00edodo tenebroso onde a liberdade foi substitu\u00edda pela repress\u00e3o militar. Trata-se de um trabalho de pesquisa que demandou mais de cinco anos atrav\u00e9s de leituras, entrevistas diversas, bibliotecas e arquivos p\u00fablicos que testemunharam os acontecimentos. Conhe\u00e7a de perto como se deu a ditadura em Vit\u00f3ria da Conquista com relatos in\u00e9ditos que nenhum outro livro j\u00e1 contou. Na verdade, \u201cUma Conquista Cassada\u201d s\u00e3o seis livros em um que tamb\u00e9m faz tributo \u00e0 d\u00e9cada de 60 quando o novo tomou o lugar do velho com novas ideias que revolucionaram o mundo.<\/p>\n<p><img loading=\"lazy\" class=\"alignnone size-full wp-image-2096\" src=\"https:\/\/www.aestrada.com.br\/v1\/wp-content\/uploads\/2017\/04\/andancas-livro-capa.jpg\" alt=\"\" width=\"452\" height=\"654\" srcset=\"https:\/\/www.aestrada.com.br\/v1\/wp-content\/uploads\/2017\/04\/andancas-livro-capa.jpg 452w, https:\/\/www.aestrada.com.br\/v1\/wp-content\/uploads\/2017\/04\/andancas-livro-capa-207x300.jpg 207w\" sizes=\"(max-width: 452px) 100vw, 452px\" \/><\/p>\n<h3><strong>ANDAN\u00c7AS<\/strong><\/h3>\n<p>Contos, Causos, Hist\u00f3rias e Versos \u00e9 um livro que mistura fic\u00e7\u00e3o com realidade, ou como queira, fant\u00e1stico real\u00edstico com recheio de pesquisa em temas espec\u00edficos como da ditadura civil-militar de 1964 e na viagem t\u00edtulo \u201cNas Brenhas do Mundo\u201d. Sem a preocupa\u00e7\u00e3o com estilo ou escola liter\u00e1ria, o livro de 368 p\u00e1ginas, formato de 16 cm por 23,5 cm, capa em quatro cores e ilustra\u00e7\u00f5es no miolo, o livro do jornalista e escritor Jeremias Mac\u00e1rio (Terra Rasgada, A Imprensa e o Coronelismo no Sert\u00e3o do Sudoeste e Uma Conquista Cassada \u2013cerco e fuzil na terra do frio) pode ser lido de tr\u00e1s pra frente, de qualquer ponto, sem sequ\u00eancia linear. Dois em um &#8211; ANDAN\u00c7AS E NA ESTRADA \u2013 retrata cenas do Nordeste \u00e1rido, do homem do campo, do retirante da seca, da coivara e do jeito matuto catingueiro, mas tamb\u00e9m fala de amor, \u00f3dio, raiva, tempo, saudade, mulheres, erotismo e incertezas da vida. Sobrou espa\u00e7o ainda para a cultura da corrup\u00e7\u00e3o, da gatunagem e do levar vantagem em tudo. Nos versos rolam a imagina\u00e7\u00e3o, o fingimento, o olho vis\u00edvel no invis\u00edvel e o foco no real e no irreal. Em ANDAN\u00c7AS voc\u00ea leitor vai se encontrar com seu eu, sem regras acad\u00eamicas. A obra nasceu da veia jornal\u00edstica do autor e tem o tempero do realismo e do emocional imaginativo. No pa\u00eds que d\u00e1 o m\u00ednimo para a cultura, toda essa carga liter\u00e1ria feita com dedica\u00e7\u00e3o e sacrif\u00edcio depende agora da sua colabora\u00e7\u00e3o para sair por a\u00ed andando e se apresentando aos amantes da leitura. Para sair da gaveta e ser impresso, a meta \u00e9 chegar a 10 mil reais cotizados entre amigos estimados colaboradores amantes da literatura.<\/p>\n<h2><strong><span style=\"color: #800000;\">Custo de cada livro R$55,00<\/span><\/strong><\/h2>\n<blockquote><p><strong>Conta dep\u00f3sito ou transfer\u00eancia:<\/strong><\/p>\n<p style=\"padding-left: 30px;\">| Banco do Brasil<br \/>\n| Ag\u00eancia \u2013 0188-0<br \/>\n| Conta \u2013 120.428-9<br \/>\n| Jeremias Mac\u00e1rio de Oliveira<br \/>\n|<br \/>\n.<\/p>\n<\/blockquote>\n<p>&nbsp;<\/p>\n","protected":false},"excerpt":{"rendered":"<p>UMA CONQUISTA CASSADA Cerco e Fuzil na Cidade do Frio \u2013 fala da ditadura civil-militar (1964-1985) em Vit\u00f3ria da Conquista dentro do contexto nacional do que foi o regime na Bahia e no Brasil com todas suas cenas de pris\u00f5es, torturas, horrores, mortes e desaparecidos pol\u00edticos, v\u00edtimas da brutalidade de uma \u00e9poca que n\u00e3o pode [&hellip;]<\/p>\n","protected":false},"author":1,"featured_media":0,"parent":0,"menu_order":0,"comment_status":"closed","ping_status":"closed","template":"","meta":{"_links_to":"","_links_to_target":""},"_links":{"self":[{"href":"https:\/\/www.aestrada.com.br\/v1\/wp-json\/wp\/v2\/pages\/2088"}],"collection":[{"href":"https:\/\/www.aestrada.com.br\/v1\/wp-json\/wp\/v2\/pages"}],"about":[{"href":"https:\/\/www.aestrada.com.br\/v1\/wp-json\/wp\/v2\/types\/page"}],"author":[{"embeddable":true,"href":"https:\/\/www.aestrada.com.br\/v1\/wp-json\/wp\/v2\/users\/1"}],"replies":[{"embeddable":true,"href":"https:\/\/www.aestrada.com.br\/v1\/wp-json\/wp\/v2\/comments?post=2088"}],"version-history":[{"count":10,"href":"https:\/\/www.aestrada.com.br\/v1\/wp-json\/wp\/v2\/pages\/2088\/revisions"}],"predecessor-version":[{"id":6406,"href":"https:\/\/www.aestrada.com.br\/v1\/wp-json\/wp\/v2\/pages\/2088\/revisions\/6406"}],"wp:attachment":[{"href":"https:\/\/www.aestrada.com.br\/v1\/wp-json\/wp\/v2\/media?parent=2088"}],"curies":[{"name":"wp","href":"https:\/\/api.w.org\/{rel}","templated":true}]}}